{"id":330,"date":"2024-05-28T16:43:10","date_gmt":"2024-05-28T16:43:10","guid":{"rendered":"https:\/\/eclatcreations.es\/equipo\/"},"modified":"2024-11-18T08:44:06","modified_gmt":"2024-11-18T08:44:06","slug":"equipo","status":"publish","type":"page","link":"https:\/\/eclatcreations.es\/en\/equipo\/","title":{"rendered":"Equipo"},"content":{"rendered":"<section class=\"header_15_1\" id=\"\" style=\"background-image:url('https:\/\/eclatcreations.es\/wp-content\/uploads\/2024\/10\/2242655e583b6eb5283f822347927a14.jpg');\"\r\n    aria-label=\"\" data-block-id=\"69d4c6815cb2969d4c6815cb2a\" data-block-name=\"acf\/header-15-1\" data-post-id=\"330\" data-stable-id=\"block_b9db1957f4ccd792a8a1399dbad32e14\">\r\n    <div class=\"mask\"><\/div>\r\n    <div class=\"container\" data-aos=\"fade-up\">\r\n        <div class=\"row\">\r\n            <div class=\"col \">\r\n                                <h1 class=\"tamano2 color-2-headings-light\">Equipo<\/h1>\r\n                                                <div class=\"texto tamano7 color-2-headings-light\"><p>\u00c9clat Creations es una agencia boutique especializada en comunicaci\u00f3n digital y representaci\u00f3n de influencers en el sector de la moda, belleza y lifestyle. Detr\u00e1s de esta visi\u00f3n se encuentran In\u00e9s y Paula.<!-- notionvc: a5522187-e38a-4dd2-9ed8-be4b07766e0f --><!-- notionvc: e1e98d60-5458-4e64-85d4-b780fa91fb71 --><\/p>\n<p>\u00c9clat Creations se gu\u00eda por los siguientes valores:<\/p>\n<ul>\n<li>Creatividad: Buscando constantemente soluciones innovadoras y originales<\/li>\n<li>Autenticidad: Manteniendo la honestidad y transparencia en todas las relaciones<\/li>\n<li>Compromiso: Dedicaci\u00f3n total a cada proyecto y cliente<\/li>\n<li>Crecimiento continuo: Aprendizaje y adaptaci\u00f3n constantes<\/li>\n<li>Empat\u00eda: Escucha activa y comprensi\u00f3n profunda de las necesidades de clientes e influencers<\/li>\n<\/ul>\n<p><!-- notionvc: d3c1f102-1ac5-482b-a503-83f14676750a --><\/p>\n<\/div>\r\n                            <\/div>\r\n        <\/div>\r\n    <\/div>\r\n<\/section>\r\n<style>\r\n    .header_15_1 .col {\r\n        max-width: 895px;\r\n    }\r\n\r\n    .header_15_1 .mask {\r\n        \/* background: rgba(255, 255, 255, 0.50); *\/\r\n        background: rgba(18, 18, 18, 0.50);\r\n        position: absolute;\r\n        top: 0;\r\n        left: 0;\r\n        width: 100%;\r\n        height: 100%;\r\n    }\r\n\r\n    .header_15_1 h1 {\r\n        padding-bottom: 25px;\r\n    }\r\n\r\n    .header_15_1 {\r\n        position: relative;\r\n        min-height: 500px;\r\n        background-position: center;\r\n        background-repeat: no-repeat;\r\n        background-size: cover;\r\n        padding: 150px 0;\r\n        display: flex;\r\n        align-items: center;\r\n        padding-top: 195px\r\n    }\r\n\r\n    .header_15_1-center {\r\n        text-align: center;\r\n        margin: 0 auto;\r\n    }\r\n\r\n    @media (max-width:992px) {\r\n        .header_15_1 {\r\n            padding: 100px 0;\r\n            min-height: auto;\r\n        }\r\n    }\r\n\r\n    @media (max-width:768px) {\r\n        .header_15_1 h1 {\r\n            line-height: var(--tamano3-line-height);\r\n        }\r\n    }\r\n<\/style>\r\n\n\n<section class=\"team_2_1\" id=\"\" data-block-id=\"69d4c6815f7b069d4c6815f7b1\" data-block-name=\"acf\/team-2-1\" data-post-id=\"330\" data-stable-id=\"block_9d51a7a3aad8d372478d744848207e8c\">\r\n    <div class=\"miembros background-1-light\">\r\n        <div class=\"container\">\r\n            <div class=\"row\">\r\n                <div class=\"col\">\r\n                                        <h3 class=\"tamano2 color-1-headings-dark\" data-aos=\"fade-up\">\u00c9clat Girls<\/h3>\r\n                                        <div class=\"equipoCont\">\r\n                                                <div class=\"equipo-item\" data-aos=\"fade-up\" style=\"background-image: url('https:\/\/eclatcreations.es\/wp-content\/uploads\/2024\/10\/Diseno-sin-titulo-2.png');\"\r\n                            aria-label=\"\">\r\n                            <div class=\"mask\"><\/div>\r\n                            <div class=\"meta\">\r\n                                                                <div class=\"nombre tamano4 color-2-headings-light\">\r\n                                    In\u00e9s Gea Pradera                                <\/div>\r\n                                                                                                <div class=\"cargo tamano6-boldcta color-2-headings-light\">\r\n                                    Fundadora y CEO                                <\/div>\r\n                                                            <\/div>\r\n                        <\/div>\r\n                                                <div class=\"equipo-item\" data-aos=\"fade-up\" style=\"background-image: url('https:\/\/eclatcreations.es\/wp-content\/uploads\/2024\/10\/Diseno-sin-titulo-2-1.png');\"\r\n                            aria-label=\"\">\r\n                            <div class=\"mask\"><\/div>\r\n                            <div class=\"meta\">\r\n                                                                <div class=\"nombre tamano4 color-2-headings-light\">\r\n                                    Paula Deu Lafuente                                <\/div>\r\n                                                                                                <div class=\"cargo tamano6-boldcta color-2-headings-light\">\r\n                                    Estudiante en Pr\u00e1cticas                                <\/div>\r\n                                                            <\/div>\r\n                        <\/div>\r\n                                            <\/div>\r\n                <\/div>\r\n            <\/div>\r\n        <\/div>\r\n    <\/div>\r\n<\/section>\r\n<style>\r\n    .team_2_1 .miembros {\r\n        padding-left: 150px;\r\n        padding-right: 150px;\r\n    }\r\n\r\n    .team_2_1 .miembros h3 {\r\n        padding-bottom: 70px;\r\n    }\r\n\r\n    .team_2_1 .miembros .equipoCont .equipo-item:hover .mask {\r\n        visibility: visible;\r\n        opacity: 1;\r\n    }\r\n\r\n    .team_2_1 .miembros .equipoCont .equipo-item .mask {\r\n        position: absolute;\r\n        top: 0;\r\n        left: 0;\r\n        width: 100%;\r\n        height: 100%;\r\n        border-radius: 3px;\r\n        background: rgba(0, 0, 0, 0.30);\r\n        visibility: hidden;\r\n        transition: all ease .3s;\r\n        opacity: 0;\r\n    }\r\n\r\n    .team_2_1 .miembros .equipoCont .equipo-item:hover .meta {\r\n        visibility: visible;\r\n        opacity: 1;\r\n    }\r\n\r\n    .team_2_1 .miembros .equipoCont .equipo-item .meta {\r\n        visibility: hidden;\r\n        transition: all ease .3s;\r\n        opacity: 0;\r\n        position: relative;\r\n    }\r\n\r\n    .team_2_1 .miembros .equipoCont .equipo-item {\r\n        width: calc(33.33% - 40px);\r\n        border-radius: 3px;\r\n        height: 585px;\r\n        position: relative;\r\n        background-position: center;\r\n        background-repeat: no-repeat;\r\n        background-size: cover;\r\n        padding: 55px;\r\n        display: flex;\r\n        align-items: end;\r\n    }\r\n\r\n    .team_2_1 .miembros .equipoCont {\r\n        display: flex;\r\n        gap: 60px;\r\n        flex-wrap: wrap;\r\n    }\r\n\r\n    .team_2_1 .miembros {\r\n        padding-top: 80px;\r\n    }\r\n\r\n    .team_2_1 .miembros {\r\n        padding-bottom: 80px;\r\n    }\r\n\r\n    @media (max-width:1750px) {\r\n        .team_2_1 .miembros {\r\n            padding-left: 50px;\r\n            padding-right: 50px;\r\n        }\r\n    }\r\n\r\n    @media (max-width:1550px) {\r\n        .team_2_1 .miembros {\r\n            padding-left: 0;\r\n            padding-right: 0;\r\n        }\r\n    }\r\n\r\n    @media (max-width:1400px) {\r\n        .team_2_1 .miembros .equipoCont .equipo-item {\r\n            height: 475px;\r\n        }\r\n    }\r\n\r\n    @media (max-width:1250px) {\r\n        .team_2_1 .miembros .equipoCont {\r\n            gap: 30px;\r\n        }\r\n\r\n        .team_2_1 .miembros .equipoCont .equipo-item {\r\n            width: calc(33.33% - 20px);\r\n        }\r\n    }\r\n\r\n    @media (max-width:992px) {\r\n        .team_2_1 .miembros .equipoCont .equipo-item {\r\n            width: calc(50% - 15px);\r\n        }\r\n\r\n        .team_2_1 .miembros {\r\n            padding-top: 50px;\r\n        }\r\n\r\n        .team_2_1 .miembros h3 {\r\n            padding-bottom: 40px;\r\n        }\r\n\r\n        .team_2_1 .miembros {\r\n            padding-bottom: 40px;\r\n        }\r\n    }\r\n\r\n    @media (max-width:600px) {\r\n        .team_2_1 .miembros .equipoCont .equipo-item {\r\n            width: 100%;\r\n        }\r\n    }\r\n<\/style>\r\n","protected":false},"excerpt":{"rendered":"","protected":false},"author":2,"featured_media":0,"parent":0,"menu_order":4,"comment_status":"open","ping_status":"closed","template":"","meta":{"_acf_changed":false,"iawp_total_views":5,"footnotes":""},"class_list":["post-330","page","type-page","status-publish","hentry"],"acf":[],"yoast_head":"<!-- This site is optimized with the Yoast SEO plugin v27.3 - https:\/\/yoast.com\/product\/yoast-seo-wordpress\/ -->\n<title>Equipo - Eclat Creations<\/title>\n<meta name=\"robots\" content=\"index, follow, max-snippet:-1, max-image-preview:large, max-video-preview:-1\" \/>\n<link rel=\"canonical\" href=\"https:\/\/eclatcreations.es\/en\/equipo\/\" \/>\n<meta property=\"og:locale\" content=\"en_US\" \/>\n<meta property=\"og:type\" content=\"article\" \/>\n<meta property=\"og:title\" content=\"Equipo - Eclat Creations\" \/>\n<meta property=\"og:url\" content=\"https:\/\/eclatcreations.es\/en\/equipo\/\" \/>\n<meta property=\"og:site_name\" content=\"Eclat Creations\" \/>\n<meta property=\"article:modified_time\" content=\"2024-11-18T08:44:06+00:00\" \/>\n<meta name=\"twitter:card\" content=\"summary_large_image\" \/>\n<!-- \/ Yoast SEO plugin. -->","yoast_head_json":{"title":"Equipo - Eclat Creations","robots":{"index":"index","follow":"follow","max-snippet":"max-snippet:-1","max-image-preview":"max-image-preview:large","max-video-preview":"max-video-preview:-1"},"canonical":"https:\/\/eclatcreations.es\/en\/equipo\/","og_locale":"en_US","og_type":"article","og_title":"Equipo - Eclat Creations","og_url":"https:\/\/eclatcreations.es\/en\/equipo\/","og_site_name":"Eclat Creations","article_modified_time":"2024-11-18T08:44:06+00:00","twitter_card":"summary_large_image","schema":{"@context":"https:\/\/schema.org","@graph":[{"@type":"WebPage","@id":"https:\/\/eclatcreations.es\/en\/equipo\/","url":"https:\/\/eclatcreations.es\/en\/equipo\/","name":"Equipo - Eclat Creations","isPartOf":{"@id":"https:\/\/eclatcreations.es\/en\/#website"},"datePublished":"2024-05-28T16:43:10+00:00","dateModified":"2024-11-18T08:44:06+00:00","breadcrumb":{"@id":"https:\/\/eclatcreations.es\/en\/equipo\/#breadcrumb"},"inLanguage":"en-US","potentialAction":[{"@type":"ReadAction","target":["https:\/\/eclatcreations.es\/en\/equipo\/"]}]},{"@type":"BreadcrumbList","@id":"https:\/\/eclatcreations.es\/en\/equipo\/#breadcrumb","itemListElement":[{"@type":"ListItem","position":1,"name":"Portada","item":"https:\/\/eclatcreations.es\/en\/"},{"@type":"ListItem","position":2,"name":"Equipo"}]},{"@type":"WebSite","@id":"https:\/\/eclatcreations.es\/en\/#website","url":"https:\/\/eclatcreations.es\/en\/","name":"Eclat Creations","description":"","publisher":{"@id":"https:\/\/eclatcreations.es\/en\/#organization"},"potentialAction":[{"@type":"SearchAction","target":{"@type":"EntryPoint","urlTemplate":"https:\/\/eclatcreations.es\/en\/?s={search_term_string}"},"query-input":{"@type":"PropertyValueSpecification","valueRequired":true,"valueName":"search_term_string"}}],"inLanguage":"en-US"},{"@type":"Organization","@id":"https:\/\/eclatcreations.es\/en\/#organization","name":"Eclat Creations","url":"https:\/\/eclatcreations.es\/en\/","logo":{"@type":"ImageObject","inLanguage":"en-US","@id":"https:\/\/eclatcreations.es\/en\/#\/schema\/logo\/image\/","url":"https:\/\/eclatcreations.es\/wp-content\/uploads\/2024\/05\/665606d4e69c0_d050951577fa-ECLAT__3___1_.png","contentUrl":"https:\/\/eclatcreations.es\/wp-content\/uploads\/2024\/05\/665606d4e69c0_d050951577fa-ECLAT__3___1_.png","width":500,"height":500,"caption":"Eclat Creations"},"image":{"@id":"https:\/\/eclatcreations.es\/en\/#\/schema\/logo\/image\/"}}]}},"_links":{"self":[{"href":"https:\/\/eclatcreations.es\/en\/wp-json\/wp\/v2\/pages\/330","targetHints":{"allow":["GET"]}}],"collection":[{"href":"https:\/\/eclatcreations.es\/en\/wp-json\/wp\/v2\/pages"}],"about":[{"href":"https:\/\/eclatcreations.es\/en\/wp-json\/wp\/v2\/types\/page"}],"author":[{"embeddable":true,"href":"https:\/\/eclatcreations.es\/en\/wp-json\/wp\/v2\/users\/2"}],"replies":[{"embeddable":true,"href":"https:\/\/eclatcreations.es\/en\/wp-json\/wp\/v2\/comments?post=330"}],"version-history":[{"count":9,"href":"https:\/\/eclatcreations.es\/en\/wp-json\/wp\/v2\/pages\/330\/revisions"}],"predecessor-version":[{"id":1051,"href":"https:\/\/eclatcreations.es\/en\/wp-json\/wp\/v2\/pages\/330\/revisions\/1051"}],"wp:attachment":[{"href":"https:\/\/eclatcreations.es\/en\/wp-json\/wp\/v2\/media?parent=330"}],"curies":[{"name":"wp","href":"https:\/\/api.w.org\/{rel}","templated":true}]}}