{"id":331,"date":"2024-05-28T16:42:50","date_gmt":"2024-05-28T16:42:50","guid":{"rendered":"https:\/\/eclatcreations.es\/servicio-4\/"},"modified":"2024-11-14T11:39:08","modified_gmt":"2024-11-14T11:39:08","slug":"servicio-4","status":"publish","type":"page","link":"https:\/\/eclatcreations.es\/en\/servicios\/servicio-4\/","title":{"rendered":"x"},"content":{"rendered":"<section class=\"ctas_3_2 background-1-dark\" id=\"\" data-block-id=\"69d4c8c50a38669d4c8c50a387\" data-block-name=\"acf\/cta-3-2\" data-post-id=\"331\" data-stable-id=\"block_a5a04d4036d3bccd5a095c79fdce3abe\">\r\n    <div class=\"container\">\r\n        <div class=\"row\">\r\n            <div class=\"col\">\r\n                                <div class=\"titulo\">\r\n                    <h2 class=\"tamano2 color-2-headings-light\">Gesti\u00f3n de Redes Sociales Profesionales<\/h2>\r\n                <\/div>\r\n                                                <div class=\"texto color-2-body-light tamano7\"><p>Ofrecemos una gesti\u00f3n integral de redes sociales para maximizar la presencia y engagement en plataformas clave como Instagram, TikTok, LinkedIn, y m\u00e1s. Creamos estrategias personalizadas para cada marca, enfoc\u00e1ndonos en aumentar la visibilidad, atraer seguidores de calidad y generar interacciones que incrementen el valor de la marca. Nuestro enfoque incluye an\u00e1lisis de m\u00e9tricas, creaci\u00f3n de calendarios de contenido y la optimizaci\u00f3n de publicaciones seg\u00fan los algoritmos m\u00e1s recientes.<\/p>\n<\/div>\r\n                \r\n                                    <a href=\"https:\/\/eclatcreations.es\/contacto\/\" target=\"\" class=\"btn-round tamano6-boldcta color-boton-3-texto-normal color-boton-3-texto-hover color-boton-3-normal color-boton-3-hover\">\r\n    \r\n    <span>Contacto<\/span>\r\n<\/a>\r\n\r\n<style>\r\n    .btn-border-rounded {\r\n        border-radius: 12px !important;\r\n    }\r\n\r\n    .btn-border-square {\r\n        border-radius: 0 !important;\r\n    }\r\n\r\n    \/* Estilos de hover *\/\r\n    .btn-hover-hover1:hover {\r\n        filter: contrast(0.55);\r\n    }\r\n\r\n    .btn-hover-hover2:hover {\r\n        filter: sepia(2);\r\n    }\r\n\r\n    \/* Estilos del icono cuando existe *\/\r\n    a i {\r\n        margin-right: 8px;\r\n        font-size: 16px;\r\n    }\r\n\r\n    \/* Icono Lucide *\/\r\n    .btn-icon--lucide {\r\n        display: inline-flex;\r\n        align-items: center;\r\n        justify-content: center;\r\n        margin-right: 8px;\r\n    }\r\n\r\n    .btn-icon--lucide svg {\r\n        width: 16px;\r\n        height: 16px;\r\n        display: block;\r\n    }\r\n<\/style>\r\n                \r\n            <\/div>\r\n        <\/div>\r\n    <\/div>\r\n<\/section>\r\n<style>\r\n    .ctas_3_2 .col {\r\n        display: flex;\r\n        gap: 100px;\r\n        align-items: center;\r\n        justify-content: space-between;\r\n    }\r\n\r\n    .ctas_3_2 .texto {\r\n        max-width: 585px;\r\n        text-align: center;\r\n    }\r\n\r\n    .ctas_3_2 {\r\n        padding: 80px 150px;\r\n        position: relative;\r\n    }\r\n\r\n    .ctas_3_2 .btn-round {\r\n        border-radius: 60px;\r\n        padding: 12px 25px;\r\n        display: inline-block;\r\n        min-width: 175px;\r\n        text-align: center;\r\n        transition: all ease .3s;\r\n        text-decoration: none;\r\n        width: 278px;\r\n        min-height: 51px;\r\n        display: flex;\r\n        align-items: center;\r\n        justify-content: center;\r\n    }\r\n\r\n    @media (max-width:1750px) {\r\n        .ctas_3_2 .col {\r\n            gap: 50px;\r\n        }\r\n\r\n        .ctas_3_2 .texto {\r\n            max-width: 50%;\r\n        }\r\n\r\n        .ctas_3_2 .titulo {\r\n            width: 50%;\r\n        }\r\n\r\n        .ctas_3_2 .titulo h2 {\r\n            max-width: 100%;\r\n        }\r\n    }\r\n\r\n    @media (max-width:1600px) {\r\n        .ctas_3_2 {\r\n            padding-left: 50px;\r\n            padding-right: 50px;\r\n        }\r\n    }\r\n\r\n    @media (max-width:1400px) {\r\n        .ctas_3_2 .texto {\r\n            max-width: 100%;\r\n        }\r\n\r\n        .ctas_3_2 .titulo {\r\n            width: 100%;\r\n        }\r\n    }\r\n\r\n    @media (max-width:1200px) {\r\n        .ctas_3_2 {\r\n            padding-left: 0;\r\n            padding-right: 0;\r\n        }\r\n    }\r\n\r\n    @media (max-width:992px) {\r\n        .ctas_3_2 .col>* {\r\n            width: 100%;\r\n            max-width: 100%;\r\n            text-align: center;\r\n        }\r\n\r\n        .ctas_3_2 .col .ctas {\r\n            display: flex;\r\n            align-items: center;\r\n            justify-content: center;\r\n        }\r\n\r\n        .ctas_3_2 .col {\r\n            flex-direction: column;\r\n            justify-content: center;\r\n            align-items: center;\r\n        }\r\n\r\n        .ctas_3_2 {\r\n            padding: 40px 0;\r\n        }\r\n    }\r\n\r\n    @media (max-width: 768px) {\r\n        .ctas_3_2 .col {\r\n            gap: 30px;\r\n            padding: 20px 10px 35px;\r\n        }\r\n    }\r\n<\/style>\r\n\n\n\n<ul class=\"wp-block-list\">\n<li><\/li>\n<\/ul>\n\n\n\n<p><\/p>\n","protected":false},"excerpt":{"rendered":"","protected":false},"author":2,"featured_media":568,"parent":335,"menu_order":6,"comment_status":"open","ping_status":"closed","template":"","meta":{"_acf_changed":false,"iawp_total_views":1,"footnotes":""},"class_list":["post-331","page","type-page","status-publish","has-post-thumbnail","hentry"],"acf":[],"yoast_head":"<!-- This site is optimized with the Yoast SEO plugin v27.3 - https:\/\/yoast.com\/product\/yoast-seo-wordpress\/ -->\n<title>x - Eclat Creations<\/title>\n<meta name=\"robots\" content=\"index, follow, max-snippet:-1, max-image-preview:large, max-video-preview:-1\" \/>\n<link rel=\"canonical\" href=\"https:\/\/eclatcreations.es\/en\/servicios\/servicio-4\/\" \/>\n<meta property=\"og:locale\" content=\"en_US\" \/>\n<meta property=\"og:type\" content=\"article\" \/>\n<meta property=\"og:title\" content=\"x - Eclat Creations\" \/>\n<meta property=\"og:url\" content=\"https:\/\/eclatcreations.es\/en\/servicios\/servicio-4\/\" \/>\n<meta property=\"og:site_name\" content=\"Eclat Creations\" \/>\n<meta property=\"article:modified_time\" content=\"2024-11-14T11:39:08+00:00\" \/>\n<meta property=\"og:image\" content=\"https:\/\/eclatcreations.es\/wp-content\/uploads\/2024\/05\/portfoliochil-9-1.jpg\" \/>\n\t<meta property=\"og:image:width\" content=\"1512\" \/>\n\t<meta property=\"og:image:height\" content=\"851\" \/>\n\t<meta property=\"og:image:type\" content=\"image\/jpeg\" \/>\n<meta name=\"twitter:card\" content=\"summary_large_image\" \/>\n<!-- \/ Yoast SEO plugin. -->","yoast_head_json":{"title":"x - Eclat Creations","robots":{"index":"index","follow":"follow","max-snippet":"max-snippet:-1","max-image-preview":"max-image-preview:large","max-video-preview":"max-video-preview:-1"},"canonical":"https:\/\/eclatcreations.es\/en\/servicios\/servicio-4\/","og_locale":"en_US","og_type":"article","og_title":"x - Eclat Creations","og_url":"https:\/\/eclatcreations.es\/en\/servicios\/servicio-4\/","og_site_name":"Eclat Creations","article_modified_time":"2024-11-14T11:39:08+00:00","og_image":[{"width":1512,"height":851,"url":"https:\/\/eclatcreations.es\/wp-content\/uploads\/2024\/05\/portfoliochil-9-1.jpg","type":"image\/jpeg"}],"twitter_card":"summary_large_image","schema":{"@context":"https:\/\/schema.org","@graph":[{"@type":"WebPage","@id":"https:\/\/eclatcreations.es\/en\/servicios\/servicio-4\/","url":"https:\/\/eclatcreations.es\/en\/servicios\/servicio-4\/","name":"x - Eclat Creations","isPartOf":{"@id":"https:\/\/eclatcreations.es\/en\/#website"},"primaryImageOfPage":{"@id":"https:\/\/eclatcreations.es\/en\/servicios\/servicio-4\/#primaryimage"},"image":{"@id":"https:\/\/eclatcreations.es\/en\/servicios\/servicio-4\/#primaryimage"},"thumbnailUrl":"https:\/\/eclatcreations.es\/wp-content\/uploads\/2024\/05\/portfoliochil-9-1.jpg","datePublished":"2024-05-28T16:42:50+00:00","dateModified":"2024-11-14T11:39:08+00:00","breadcrumb":{"@id":"https:\/\/eclatcreations.es\/en\/servicios\/servicio-4\/#breadcrumb"},"inLanguage":"en-US","potentialAction":[{"@type":"ReadAction","target":["https:\/\/eclatcreations.es\/en\/servicios\/servicio-4\/"]}]},{"@type":"ImageObject","inLanguage":"en-US","@id":"https:\/\/eclatcreations.es\/en\/servicios\/servicio-4\/#primaryimage","url":"https:\/\/eclatcreations.es\/wp-content\/uploads\/2024\/05\/portfoliochil-9-1.jpg","contentUrl":"https:\/\/eclatcreations.es\/wp-content\/uploads\/2024\/05\/portfoliochil-9-1.jpg","width":1512,"height":851},{"@type":"BreadcrumbList","@id":"https:\/\/eclatcreations.es\/en\/servicios\/servicio-4\/#breadcrumb","itemListElement":[{"@type":"ListItem","position":1,"name":"Portada","item":"https:\/\/eclatcreations.es\/en\/"},{"@type":"ListItem","position":2,"name":"Servicios","item":"https:\/\/eclatcreations.es\/en\/servicios\/"},{"@type":"ListItem","position":3,"name":"x"}]},{"@type":"WebSite","@id":"https:\/\/eclatcreations.es\/en\/#website","url":"https:\/\/eclatcreations.es\/en\/","name":"Eclat Creations","description":"","publisher":{"@id":"https:\/\/eclatcreations.es\/en\/#organization"},"potentialAction":[{"@type":"SearchAction","target":{"@type":"EntryPoint","urlTemplate":"https:\/\/eclatcreations.es\/en\/?s={search_term_string}"},"query-input":{"@type":"PropertyValueSpecification","valueRequired":true,"valueName":"search_term_string"}}],"inLanguage":"en-US"},{"@type":"Organization","@id":"https:\/\/eclatcreations.es\/en\/#organization","name":"Eclat Creations","url":"https:\/\/eclatcreations.es\/en\/","logo":{"@type":"ImageObject","inLanguage":"en-US","@id":"https:\/\/eclatcreations.es\/en\/#\/schema\/logo\/image\/","url":"https:\/\/eclatcreations.es\/wp-content\/uploads\/2024\/05\/665606d4e69c0_d050951577fa-ECLAT__3___1_.png","contentUrl":"https:\/\/eclatcreations.es\/wp-content\/uploads\/2024\/05\/665606d4e69c0_d050951577fa-ECLAT__3___1_.png","width":500,"height":500,"caption":"Eclat Creations"},"image":{"@id":"https:\/\/eclatcreations.es\/en\/#\/schema\/logo\/image\/"}}]}},"_links":{"self":[{"href":"https:\/\/eclatcreations.es\/en\/wp-json\/wp\/v2\/pages\/331","targetHints":{"allow":["GET"]}}],"collection":[{"href":"https:\/\/eclatcreations.es\/en\/wp-json\/wp\/v2\/pages"}],"about":[{"href":"https:\/\/eclatcreations.es\/en\/wp-json\/wp\/v2\/types\/page"}],"author":[{"embeddable":true,"href":"https:\/\/eclatcreations.es\/en\/wp-json\/wp\/v2\/users\/2"}],"replies":[{"embeddable":true,"href":"https:\/\/eclatcreations.es\/en\/wp-json\/wp\/v2\/comments?post=331"}],"version-history":[{"count":11,"href":"https:\/\/eclatcreations.es\/en\/wp-json\/wp\/v2\/pages\/331\/revisions"}],"predecessor-version":[{"id":975,"href":"https:\/\/eclatcreations.es\/en\/wp-json\/wp\/v2\/pages\/331\/revisions\/975"}],"up":[{"embeddable":true,"href":"https:\/\/eclatcreations.es\/en\/wp-json\/wp\/v2\/pages\/335"}],"wp:featuredmedia":[{"embeddable":true,"href":"https:\/\/eclatcreations.es\/en\/wp-json\/wp\/v2\/media\/568"}],"wp:attachment":[{"href":"https:\/\/eclatcreations.es\/en\/wp-json\/wp\/v2\/media?parent=331"}],"curies":[{"name":"wp","href":"https:\/\/api.w.org\/{rel}","templated":true}]}}